{"id":395,"date":"2020-08-03T13:57:26","date_gmt":"2020-08-03T11:57:26","guid":{"rendered":"http:\/\/editions-voyagesdici.com\/?page_id=395"},"modified":"2020-08-03T14:07:25","modified_gmt":"2020-08-03T12:07:25","slug":"merci-pour-votre-achat","status":"publish","type":"page","link":"http:\/\/editions-voyagesdici.com\/index.php\/merci-pour-votre-achat\/","title":{"rendered":"Merci pour votre achat"},"content":{"rendered":"<p>Merci pour votre paiement avec Paypal. Votre transaction est termin\u00e9e et vous allez recevoir par email un avis accusant r\u00e9ception de votre achat. Connectez-vous \u00e0 votre compte PayPal pour consulter les d\u00e9tails de la transaction.<\/p><div class=\"wp-block-image\"><figure class=\"alignleft size-large is-resized\"><img decoding=\"async\" src=\"http:\/\/editions-voyagesdici.com\/wp-content\/uploads\/2020\/04\/logo-v3-sans-fond.png\" alt=\"\" class=\"wp-image-286\" width=\"60\" srcset=\"http:\/\/editions-voyagesdici.com\/wp-content\/uploads\/2020\/04\/logo-v3-sans-fond.png 437w, http:\/\/editions-voyagesdici.com\/wp-content\/uploads\/2020\/04\/logo-v3-sans-fond-250x250.png 250w, http:\/\/editions-voyagesdici.com\/wp-content\/uploads\/2020\/04\/logo-v3-sans-fond-100x100.png 100w, http:\/\/editions-voyagesdici.com\/wp-content\/uploads\/2020\/04\/logo-v3-sans-fond-350x350.png 350w, http:\/\/editions-voyagesdici.com\/wp-content\/uploads\/2020\/04\/logo-v3-sans-fond-300x300.png 300w, http:\/\/editions-voyagesdici.com\/wp-content\/uploads\/2020\/04\/logo-v3-sans-fond-150x150.png 150w\" sizes=\"(max-width: 437px) 100vw, 437px\" \/><\/figure><\/div><p><strong>\u00c9ditions Voyages d&rsquo;Ici<\/strong><\/p>","protected":false},"excerpt":{"rendered":"<p>Merci pour votre paiement avec Paypal. Votre transaction est termin\u00e9e et vous allez recevoir par email un avis accusant r\u00e9ception de votre achat. Connectez-vous \u00e0 votre compte PayPal pour consulter les d\u00e9tails de la transaction. \u00c9ditions Voyages d&rsquo;Ici<\/p>\n","protected":false},"author":1,"featured_media":0,"parent":0,"menu_order":0,"comment_status":"closed","ping_status":"closed","template":"","meta":{"footnotes":""},"class_list":["post-395","page","type-page","status-publish","hentry"],"_links":{"self":[{"href":"http:\/\/editions-voyagesdici.com\/index.php\/wp-json\/wp\/v2\/pages\/395"}],"collection":[{"href":"http:\/\/editions-voyagesdici.com\/index.php\/wp-json\/wp\/v2\/pages"}],"about":[{"href":"http:\/\/editions-voyagesdici.com\/index.php\/wp-json\/wp\/v2\/types\/page"}],"author":[{"embeddable":true,"href":"http:\/\/editions-voyagesdici.com\/index.php\/wp-json\/wp\/v2\/users\/1"}],"replies":[{"embeddable":true,"href":"http:\/\/editions-voyagesdici.com\/index.php\/wp-json\/wp\/v2\/comments?post=395"}],"version-history":[{"count":1,"href":"http:\/\/editions-voyagesdici.com\/index.php\/wp-json\/wp\/v2\/pages\/395\/revisions"}],"predecessor-version":[{"id":396,"href":"http:\/\/editions-voyagesdici.com\/index.php\/wp-json\/wp\/v2\/pages\/395\/revisions\/396"}],"wp:attachment":[{"href":"http:\/\/editions-voyagesdici.com\/index.php\/wp-json\/wp\/v2\/media?parent=395"}],"curies":[{"name":"wp","href":"https:\/\/api.w.org\/{rel}","templated":true}]}}