{"id":479,"date":"2020-11-14T08:29:32","date_gmt":"2020-11-14T07:29:32","guid":{"rendered":"http:\/\/editions-voyagesdici.com\/?page_id=479"},"modified":"2021-01-02T08:23:31","modified_gmt":"2021-01-02T07:23:31","slug":"a-propos","status":"publish","type":"page","link":"https:\/\/editions-voyagesdici.com\/index.php\/a-propos\/","title":{"rendered":"A propos"},"content":{"rendered":"<h4 class=\"wp-block-heading\"><strong>Qui suis-je ? <\/strong><\/h4><p>Je m&rsquo;appelle Laure Royan. J&rsquo;ai \u00e9t\u00e9 juriste, puis journaliste dans la presse quotidienne r\u00e9gionale, coach, th\u00e9rapeute, photographe, responsable des \u00e9ditions dans une collectivit\u00e9 territoriale.<\/p><div class=\"wp-block-image\"><figure class=\"alignleft size-large is-resized\"><img loading=\"lazy\" decoding=\"async\" src=\"http:\/\/editions-voyagesdici.com\/wp-content\/uploads\/2020\/11\/laure-reporter-1-768x1024-1.jpg\" alt=\"\" class=\"wp-image-480\" width=\"238\" height=\"316\" srcset=\"https:\/\/editions-voyagesdici.com\/wp-content\/uploads\/2020\/11\/laure-reporter-1-768x1024-1.jpg 768w, https:\/\/editions-voyagesdici.com\/wp-content\/uploads\/2020\/11\/laure-reporter-1-768x1024-1-250x333.jpg 250w, https:\/\/editions-voyagesdici.com\/wp-content\/uploads\/2020\/11\/laure-reporter-1-768x1024-1-225x300.jpg 225w\" sizes=\"(max-width: 238px) 100vw, 238px\" \/><figcaption>Dessin &#8211; L\u00e9a Serra<\/figcaption><\/figure><\/div><p>Pour la partie moins visible, je suis musicienne amateur (contrebassiste), grande lectrice, po\u00e8te \u00e0 mes heures (surtout les sombres&#8230;), cavali\u00e8re (un peu rouill\u00e9e), cuisini\u00e8re, maman&#8230; <\/p><p>Depuis mon adolescence, je suis destinataire des po\u00e9sies \u00e9crites par mon grand-p\u00e8re, Louis Monnet. J&rsquo;ai d\u00e9cid\u00e9 de cr\u00e9er les <strong>\u00c9ditions Voyages d&rsquo;Ici<\/strong> en 2020 pour mettre dans la lumi\u00e8re les quelques 800 po\u00e8mes \u00e9crits par Louis Monnet durant sa vie. Projet pour le moins ambitieux lorsque l&rsquo;on connait les co\u00fbts d&rsquo;impression d&rsquo;un livre et la difficult\u00e9 de les vendre&#8230; surtout la po\u00e9sie&#8230;<\/p><p>Mais j&rsquo;y crois ! Cette \u00e9nergie d\u00e9ploy\u00e9e me donne des ailes pour publier d&rsquo;autres auteurs, d&rsquo;autres textes, qui me feront du bien \u00e0 l&rsquo;\u00e2me et voyager&#8230;  Et faire des <em><strong>\u00c9ditions Voyages d&rsquo;Ici<\/strong><\/em> une maison connue et reconnue pour ses publications inspirantes et porteuses de messages de joie, de paix et d&rsquo;Amour.<\/p><p>\u00ab\u00a0<strong><em>Un voyage de 1000 km commence par un pas\u00a0\u00bb,<\/em><\/strong> dit un proverbe Tao. <\/p><p>J&rsquo;ai fait ce petit pas, puis un autre&#8230; <em><strong>\u00ab\u00a0Le meilleur moyen de pr\u00e9dire l&rsquo;avenir est de le cr\u00e9er\u00a0\u00bb <\/strong>n&rsquo;est-ce pas ?<\/em><\/p><p><\/p>","protected":false},"excerpt":{"rendered":"<p>Qui suis-je ? Je m&rsquo;appelle Laure Royan. J&rsquo;ai \u00e9t\u00e9 juriste, puis journaliste dans la presse quotidienne r\u00e9gionale, coach, th\u00e9rapeute, photographe, responsable des \u00e9ditions dans une collectivit\u00e9 territoriale. Pour la partie moins visible, je suis musicienne amateur (contrebassiste), grande lectrice, po\u00e8te \u00e0 mes heures (surtout les sombres&#8230;), cavali\u00e8re (un peu rouill\u00e9e), cuisini\u00e8re, maman&#8230; Depuis mon adolescence, &hellip; <\/p>\n<p class=\"link-more\"><a href=\"https:\/\/editions-voyagesdici.com\/index.php\/a-propos\/\" class=\"more-link\">Continuer la lecture<span class=\"screen-reader-text\"> de &laquo;&nbsp;A propos&nbsp;&raquo;<\/span><\/a><\/p>\n","protected":false},"author":1,"featured_media":0,"parent":0,"menu_order":0,"comment_status":"closed","ping_status":"closed","template":"","meta":{"footnotes":""},"class_list":["post-479","page","type-page","status-publish","hentry"],"_links":{"self":[{"href":"https:\/\/editions-voyagesdici.com\/index.php\/wp-json\/wp\/v2\/pages\/479"}],"collection":[{"href":"https:\/\/editions-voyagesdici.com\/index.php\/wp-json\/wp\/v2\/pages"}],"about":[{"href":"https:\/\/editions-voyagesdici.com\/index.php\/wp-json\/wp\/v2\/types\/page"}],"author":[{"embeddable":true,"href":"https:\/\/editions-voyagesdici.com\/index.php\/wp-json\/wp\/v2\/users\/1"}],"replies":[{"embeddable":true,"href":"https:\/\/editions-voyagesdici.com\/index.php\/wp-json\/wp\/v2\/comments?post=479"}],"version-history":[{"count":6,"href":"https:\/\/editions-voyagesdici.com\/index.php\/wp-json\/wp\/v2\/pages\/479\/revisions"}],"predecessor-version":[{"id":524,"href":"https:\/\/editions-voyagesdici.com\/index.php\/wp-json\/wp\/v2\/pages\/479\/revisions\/524"}],"wp:attachment":[{"href":"https:\/\/editions-voyagesdici.com\/index.php\/wp-json\/wp\/v2\/media?parent=479"}],"curies":[{"name":"wp","href":"https:\/\/api.w.org\/{rel}","templated":true}]}}