{"id":386,"date":"2020-08-02T14:06:57","date_gmt":"2020-08-02T12:06:57","guid":{"rendered":"http:\/\/editions-voyagesdici.com\/?post_type=product&#038;p=386"},"modified":"2023-10-31T17:30:06","modified_gmt":"2023-10-31T16:30:06","slug":"caravanes-louis-monnet","status":"publish","type":"product","link":"https:\/\/editions-voyagesdici.com\/index.php\/produit\/caravanes-louis-monnet\/","title":{"rendered":"Caravanes &#8211; Louis Monnet"},"content":{"rendered":"<p><em><strong>Caravanes<\/strong><\/em> est le premier recueil \u00e9dit\u00e9 des po\u00e9sies de <strong>Louis Monnet<\/strong> (1915-2<em><strong><img loading=\"lazy\" decoding=\"async\" class=\"wp-image-275 alignleft\" src=\"http:\/\/editions-voyagesdici.com\/wp-content\/uploads\/2020\/04\/Louis-Monnet-DSC_7305-202x300.jpg\" alt=\"\" width=\"109\" height=\"162\" srcset=\"https:\/\/editions-voyagesdici.com\/wp-content\/uploads\/2020\/04\/Louis-Monnet-DSC_7305-202x300.jpg 202w, https:\/\/editions-voyagesdici.com\/wp-content\/uploads\/2020\/04\/Louis-Monnet-DSC_7305-scaled-250x371.jpg 250w, https:\/\/editions-voyagesdici.com\/wp-content\/uploads\/2020\/04\/Louis-Monnet-DSC_7305-scaled-350x519.jpg 350w, https:\/\/editions-voyagesdici.com\/wp-content\/uploads\/2020\/04\/Louis-Monnet-DSC_7305-691x1024.jpg 691w, https:\/\/editions-voyagesdici.com\/wp-content\/uploads\/2020\/04\/Louis-Monnet-DSC_7305-768x1138.jpg 768w, https:\/\/editions-voyagesdici.com\/wp-content\/uploads\/2020\/04\/Louis-Monnet-DSC_7305-1036x1536.jpg 1036w, https:\/\/editions-voyagesdici.com\/wp-content\/uploads\/2020\/04\/Louis-Monnet-DSC_7305-1382x2048.jpg 1382w, https:\/\/editions-voyagesdici.com\/wp-content\/uploads\/2020\/04\/Louis-Monnet-DSC_7305-1320x1956.jpg 1320w, https:\/\/editions-voyagesdici.com\/wp-content\/uploads\/2020\/04\/Louis-Monnet-DSC_7305-scaled.jpg 1727w\" sizes=\"(max-width: 109px) 100vw, 109px\" \/><\/strong><\/em>011).<\/p>\n<p><strong>Louis Monnet<\/strong> a \u00e9crit au fil de sa vie plus de 800 po\u00e8mes non \u00e9dit\u00e9s. Discret sur ses \u00e9crits durant sa vie, <strong><em>Caravanes<\/em><\/strong> propose de mettre dans la lumi\u00e8re 94 po\u00e8mes de l&rsquo;auteur. Les 700 autres suivront, petit \u00e0 petit.<\/p>\n<p>Dans ce premier recueil, Louis Monnet nous emm\u00e8ne en voyage, nous raconte des histoires, aborde avec humour, r\u00e9alisme, parfois un rien de cynisme, les grands th\u00e8mes de notre humanit\u00e9 : l&rsquo;amour, l&rsquo;amiti\u00e9, la joie, la mort, l&rsquo;injustice, la paix&#8230;<\/p>\n<p><strong>Pour vous donner envie, t\u00e9l\u00e9chargez un extrait, gratuitement : <a href=\"http:\/\/editions-voyagesdici.com\/wp-content\/uploads\/2020\/08\/caravane-extrait.pdf\">caravane-extrait<\/a><\/strong><\/p>\n<p>&nbsp;<\/p>\n","protected":false},"excerpt":{"rendered":"<p>En stock &#8211; Livraison imm\u00e9diate<\/p>\n","protected":false},"featured_media":292,"comment_status":"open","ping_status":"closed","template":"","meta":[],"product_brand":[],"product_cat":[24],"product_tag":[],"class_list":{"0":"post-386","1":"product","2":"type-product","3":"status-publish","4":"has-post-thumbnail","6":"product_cat-collection-voyage-poetique","8":"first","9":"instock","10":"shipping-taxable","11":"purchasable","12":"product-type-simple"},"_links":{"self":[{"href":"https:\/\/editions-voyagesdici.com\/index.php\/wp-json\/wp\/v2\/product\/386"}],"collection":[{"href":"https:\/\/editions-voyagesdici.com\/index.php\/wp-json\/wp\/v2\/product"}],"about":[{"href":"https:\/\/editions-voyagesdici.com\/index.php\/wp-json\/wp\/v2\/types\/product"}],"replies":[{"embeddable":true,"href":"https:\/\/editions-voyagesdici.com\/index.php\/wp-json\/wp\/v2\/comments?post=386"}],"wp:featuredmedia":[{"embeddable":true,"href":"https:\/\/editions-voyagesdici.com\/index.php\/wp-json\/wp\/v2\/media\/292"}],"wp:attachment":[{"href":"https:\/\/editions-voyagesdici.com\/index.php\/wp-json\/wp\/v2\/media?parent=386"}],"wp:term":[{"taxonomy":"product_brand","embeddable":true,"href":"https:\/\/editions-voyagesdici.com\/index.php\/wp-json\/wp\/v2\/product_brand?post=386"},{"taxonomy":"product_cat","embeddable":true,"href":"https:\/\/editions-voyagesdici.com\/index.php\/wp-json\/wp\/v2\/product_cat?post=386"},{"taxonomy":"product_tag","embeddable":true,"href":"https:\/\/editions-voyagesdici.com\/index.php\/wp-json\/wp\/v2\/product_tag?post=386"}],"curies":[{"name":"wp","href":"https:\/\/api.w.org\/{rel}","templated":true}]}}