{"id":466,"date":"2020-11-14T06:32:09","date_gmt":"2020-11-14T05:32:09","guid":{"rendered":"http:\/\/editions-voyagesdici.com\/?post_type=product&#038;p=466"},"modified":"2023-10-31T17:30:06","modified_gmt":"2023-10-31T16:30:06","slug":"rythmique-louis-monnet","status":"publish","type":"product","link":"https:\/\/editions-voyagesdici.com\/index.php\/produit\/rythmique-louis-monnet\/","title":{"rendered":"Rythmique &#8211; Louis Monnet"},"content":{"rendered":"<p><img loading=\"lazy\" decoding=\"async\" class=\"alignnone wp-image-275\" src=\"http:\/\/editions-voyagesdici.com\/wp-content\/uploads\/2020\/04\/Louis-Monnet-DSC_7305-202x300.jpg\" alt=\"\" width=\"110\" height=\"163\" srcset=\"https:\/\/editions-voyagesdici.com\/wp-content\/uploads\/2020\/04\/Louis-Monnet-DSC_7305-202x300.jpg 202w, https:\/\/editions-voyagesdici.com\/wp-content\/uploads\/2020\/04\/Louis-Monnet-DSC_7305-scaled-250x371.jpg 250w, https:\/\/editions-voyagesdici.com\/wp-content\/uploads\/2020\/04\/Louis-Monnet-DSC_7305-scaled-350x519.jpg 350w, https:\/\/editions-voyagesdici.com\/wp-content\/uploads\/2020\/04\/Louis-Monnet-DSC_7305-691x1024.jpg 691w, https:\/\/editions-voyagesdici.com\/wp-content\/uploads\/2020\/04\/Louis-Monnet-DSC_7305-768x1138.jpg 768w, https:\/\/editions-voyagesdici.com\/wp-content\/uploads\/2020\/04\/Louis-Monnet-DSC_7305-1036x1536.jpg 1036w, https:\/\/editions-voyagesdici.com\/wp-content\/uploads\/2020\/04\/Louis-Monnet-DSC_7305-1382x2048.jpg 1382w, https:\/\/editions-voyagesdici.com\/wp-content\/uploads\/2020\/04\/Louis-Monnet-DSC_7305-1320x1956.jpg 1320w, https:\/\/editions-voyagesdici.com\/wp-content\/uploads\/2020\/04\/Louis-Monnet-DSC_7305-scaled.jpg 1727w\" sizes=\"(max-width: 110px) 100vw, 110px\" \/><\/p>\n<p><em><strong>Rythmique<\/strong><\/em> est le deuxi\u00e8me recueil de po\u00e9sie de <strong>Louis Monnet<\/strong> (1915-2011).<\/p>\n<p>Au travers d&rsquo;une petite centaine de po\u00e8mes, Louis Monnet nous emm\u00e8ne en voyage, nous raconte des histoires, aborde avec humour, r\u00e9alisme, parfois un soup\u00e7on de cynisme, les grands th\u00e8mes de notre humanit\u00e9 : l&rsquo;amour, l&rsquo;amiti\u00e9, la joie, la mort, l&rsquo;injustice, la paix&#8230;<\/p>\n<p><strong>Pour vous donner envie, t\u00e9l\u00e9chargez un extrait, gratuitement : <a href=\"http:\/\/editions-voyagesdici.com\/wp-content\/uploads\/2020\/11\/rythmique-extrait.pdf\">rythmique-extrait<\/a><\/strong><\/p>\n","protected":false},"excerpt":{"rendered":"<p>Rythmique est le deuxi\u00e8me recueil de po\u00e9sie de Louis Monnet (1915-2011). Au travers d&rsquo;une petite centaine de po\u00e8mes, Louis Monnet nous emm\u00e8ne en voyage, nous raconte des histoires, aborde avec humour, r\u00e9alisme, parfois un soup\u00e7on de cynisme, les grands th\u00e8mes de notre humanit\u00e9 : l&rsquo;amour, l&rsquo;amiti\u00e9, la joie, la mort, l&rsquo;injustice, la paix&#8230; Pour vous &hellip; <\/p>\n<p class=\"link-more\"><a href=\"https:\/\/editions-voyagesdici.com\/index.php\/produit\/rythmique-louis-monnet\/\" class=\"more-link\">Continuer la lecture<span class=\"screen-reader-text\"> de &laquo;&nbsp;Rythmique &#8211; Louis Monnet&nbsp;&raquo;<\/span><\/a><\/p>\n","protected":false},"featured_media":467,"comment_status":"open","ping_status":"closed","template":"","meta":[],"product_brand":[],"product_cat":[24],"product_tag":[],"class_list":{"0":"post-466","1":"product","2":"type-product","3":"status-publish","4":"has-post-thumbnail","6":"product_cat-collection-voyage-poetique","8":"first","9":"instock","10":"shipping-taxable","11":"purchasable","12":"product-type-simple"},"_links":{"self":[{"href":"https:\/\/editions-voyagesdici.com\/index.php\/wp-json\/wp\/v2\/product\/466"}],"collection":[{"href":"https:\/\/editions-voyagesdici.com\/index.php\/wp-json\/wp\/v2\/product"}],"about":[{"href":"https:\/\/editions-voyagesdici.com\/index.php\/wp-json\/wp\/v2\/types\/product"}],"replies":[{"embeddable":true,"href":"https:\/\/editions-voyagesdici.com\/index.php\/wp-json\/wp\/v2\/comments?post=466"}],"wp:featuredmedia":[{"embeddable":true,"href":"https:\/\/editions-voyagesdici.com\/index.php\/wp-json\/wp\/v2\/media\/467"}],"wp:attachment":[{"href":"https:\/\/editions-voyagesdici.com\/index.php\/wp-json\/wp\/v2\/media?parent=466"}],"wp:term":[{"taxonomy":"product_brand","embeddable":true,"href":"https:\/\/editions-voyagesdici.com\/index.php\/wp-json\/wp\/v2\/product_brand?post=466"},{"taxonomy":"product_cat","embeddable":true,"href":"https:\/\/editions-voyagesdici.com\/index.php\/wp-json\/wp\/v2\/product_cat?post=466"},{"taxonomy":"product_tag","embeddable":true,"href":"https:\/\/editions-voyagesdici.com\/index.php\/wp-json\/wp\/v2\/product_tag?post=466"}],"curies":[{"name":"wp","href":"https:\/\/api.w.org\/{rel}","templated":true}]}}