{"id":560,"date":"2021-01-21T11:33:25","date_gmt":"2021-01-21T10:33:25","guid":{"rendered":"http:\/\/editions-voyagesdici.com\/?post_type=product&#038;p=560"},"modified":"2023-10-31T17:30:06","modified_gmt":"2023-10-31T16:30:06","slug":"amours-a-nu","status":"publish","type":"product","link":"https:\/\/editions-voyagesdici.com\/index.php\/produit\/amours-a-nu\/","title":{"rendered":"Amours \u00e0 nu &#8211; Louis Monnet et Michel Serra"},"content":{"rendered":"<p><em><strong>Amours \u00e0 nu<\/strong><\/em> est un hors s\u00e9rie de la collection <em><strong>Voyage po\u00e9tique<\/strong><\/em>. Il propose 24 po\u00e8mes d&rsquo;amour de <strong>Louis Monnet<\/strong> illustr\u00e9s par les dessins de <strong>Michel Serra.<\/strong><\/p>\n<p>&nbsp;<\/p>\n","protected":false},"excerpt":{"rendered":"<p>Amours \u00e0 nu est un hors s\u00e9rie de la collection Voyage po\u00e9tique. Il propose 24 po\u00e8mes d&rsquo;amour de Louis Monnet illustr\u00e9s par les dessins de Michel Serra. &nbsp;<\/p>\n","protected":false},"featured_media":553,"comment_status":"open","ping_status":"closed","template":"","meta":[],"product_brand":[],"product_cat":[24],"product_tag":[],"class_list":{"0":"post-560","1":"product","2":"type-product","3":"status-publish","4":"has-post-thumbnail","6":"product_cat-collection-voyage-poetique","8":"first","9":"instock","10":"shipping-taxable","11":"purchasable","12":"product-type-simple"},"_links":{"self":[{"href":"https:\/\/editions-voyagesdici.com\/index.php\/wp-json\/wp\/v2\/product\/560"}],"collection":[{"href":"https:\/\/editions-voyagesdici.com\/index.php\/wp-json\/wp\/v2\/product"}],"about":[{"href":"https:\/\/editions-voyagesdici.com\/index.php\/wp-json\/wp\/v2\/types\/product"}],"replies":[{"embeddable":true,"href":"https:\/\/editions-voyagesdici.com\/index.php\/wp-json\/wp\/v2\/comments?post=560"}],"wp:featuredmedia":[{"embeddable":true,"href":"https:\/\/editions-voyagesdici.com\/index.php\/wp-json\/wp\/v2\/media\/553"}],"wp:attachment":[{"href":"https:\/\/editions-voyagesdici.com\/index.php\/wp-json\/wp\/v2\/media?parent=560"}],"wp:term":[{"taxonomy":"product_brand","embeddable":true,"href":"https:\/\/editions-voyagesdici.com\/index.php\/wp-json\/wp\/v2\/product_brand?post=560"},{"taxonomy":"product_cat","embeddable":true,"href":"https:\/\/editions-voyagesdici.com\/index.php\/wp-json\/wp\/v2\/product_cat?post=560"},{"taxonomy":"product_tag","embeddable":true,"href":"https:\/\/editions-voyagesdici.com\/index.php\/wp-json\/wp\/v2\/product_tag?post=560"}],"curies":[{"name":"wp","href":"https:\/\/api.w.org\/{rel}","templated":true}]}}