{"id":764,"date":"2023-10-31T17:26:10","date_gmt":"2023-10-31T16:26:10","guid":{"rendered":"http:\/\/editions-voyagesdici.com\/?post_type=product&#038;p=764"},"modified":"2024-03-10T16:25:20","modified_gmt":"2024-03-10T15:25:20","slug":"reves-et-autres-disgressions-lea-serra","status":"publish","type":"product","link":"https:\/\/editions-voyagesdici.com\/index.php\/produit\/reves-et-autres-disgressions-lea-serra\/","title":{"rendered":"R\u00eaves et autres disgressions &#8211; L\u00e9a SERRA"},"content":{"rendered":"<p>\u00ab\u00a0R\u00eaves et autres disgressions\u00a0\u00bb est le 1er recueil des po\u00e9sies de L\u00e9a SERRA, illustr\u00e9 par l&rsquo;auteure.<\/p>\n<p>En cours d&rsquo;impression &#8211;<br \/>\nA pr\u00e9-commander \u00e0 l&rsquo;adresse contact@editions-voyagesdici.com<\/p>\n<p><strong>L\u00e9a Serra<\/strong><\/p>\n<p><img loading=\"lazy\" decoding=\"async\" class=\"alignnone size-medium wp-image-748\" src=\"http:\/\/editions-voyagesdici.com\/wp-content\/uploads\/2023\/09\/MSE5312-lea-200x300.jpg\" alt=\"\" width=\"200\" height=\"300\" srcset=\"https:\/\/editions-voyagesdici.com\/wp-content\/uploads\/2023\/09\/MSE5312-lea-200x300.jpg 200w, https:\/\/editions-voyagesdici.com\/wp-content\/uploads\/2023\/09\/MSE5312-lea-681x1024.jpg 681w, https:\/\/editions-voyagesdici.com\/wp-content\/uploads\/2023\/09\/MSE5312-lea-768x1154.jpg 768w, https:\/\/editions-voyagesdici.com\/wp-content\/uploads\/2023\/09\/MSE5312-lea-1022x1536.jpg 1022w, https:\/\/editions-voyagesdici.com\/wp-content\/uploads\/2023\/09\/MSE5312-lea-1363x2048.jpg 1363w, https:\/\/editions-voyagesdici.com\/wp-content\/uploads\/2023\/09\/MSE5312-lea-1320x1984.jpg 1320w, https:\/\/editions-voyagesdici.com\/wp-content\/uploads\/2023\/09\/MSE5312-lea-250x376.jpg 250w, https:\/\/editions-voyagesdici.com\/wp-content\/uploads\/2023\/09\/MSE5312-lea-350x526.jpg 350w, https:\/\/editions-voyagesdici.com\/wp-content\/uploads\/2023\/09\/MSE5312-lea-scaled.jpg 1703w\" sizes=\"(max-width: 200px) 100vw, 200px\" \/><\/p>\n<p>&nbsp;<\/p>\n","protected":false},"excerpt":{"rendered":"<p>\u00ab\u00a0R\u00eaves et autres disgressions\u00a0\u00bb est le 1er recueil des po\u00e9sies de L\u00e9a SERRA, illustr\u00e9 par l&rsquo;auteure. En cours d&rsquo;impression &#8211; A pr\u00e9-commander \u00e0 l&rsquo;adresse contact@editions-voyagesdici.com L\u00e9a Serra &nbsp;<\/p>\n","protected":false},"featured_media":733,"comment_status":"open","ping_status":"closed","template":"","meta":[],"product_brand":[],"product_cat":[24],"product_tag":[],"class_list":{"0":"post-764","1":"product","2":"type-product","3":"status-publish","4":"has-post-thumbnail","6":"product_cat-collection-voyage-poetique","8":"first","9":"instock","10":"shipping-taxable","11":"purchasable","12":"product-type-simple"},"_links":{"self":[{"href":"https:\/\/editions-voyagesdici.com\/index.php\/wp-json\/wp\/v2\/product\/764"}],"collection":[{"href":"https:\/\/editions-voyagesdici.com\/index.php\/wp-json\/wp\/v2\/product"}],"about":[{"href":"https:\/\/editions-voyagesdici.com\/index.php\/wp-json\/wp\/v2\/types\/product"}],"replies":[{"embeddable":true,"href":"https:\/\/editions-voyagesdici.com\/index.php\/wp-json\/wp\/v2\/comments?post=764"}],"wp:featuredmedia":[{"embeddable":true,"href":"https:\/\/editions-voyagesdici.com\/index.php\/wp-json\/wp\/v2\/media\/733"}],"wp:attachment":[{"href":"https:\/\/editions-voyagesdici.com\/index.php\/wp-json\/wp\/v2\/media?parent=764"}],"wp:term":[{"taxonomy":"product_brand","embeddable":true,"href":"https:\/\/editions-voyagesdici.com\/index.php\/wp-json\/wp\/v2\/product_brand?post=764"},{"taxonomy":"product_cat","embeddable":true,"href":"https:\/\/editions-voyagesdici.com\/index.php\/wp-json\/wp\/v2\/product_cat?post=764"},{"taxonomy":"product_tag","embeddable":true,"href":"https:\/\/editions-voyagesdici.com\/index.php\/wp-json\/wp\/v2\/product_tag?post=764"}],"curies":[{"name":"wp","href":"https:\/\/api.w.org\/{rel}","templated":true}]}}